{"id":77,"date":"2023-10-17T16:10:31","date_gmt":"2023-10-17T14:10:31","guid":{"rendered":"https:\/\/cieeltriciclo.com\/?page_id=77"},"modified":"2026-04-01T11:16:42","modified_gmt":"2026-04-01T09:16:42","slug":"contat","status":"publish","type":"page","link":"https:\/\/cieeltriciclo.com\/index.php\/contat\/","title":{"rendered":"Contact"},"content":{"rendered":"<div class=\"wp-block-image\">\n<figure class=\"aligncenter size-large is-resized\"><img loading=\"lazy\" decoding=\"async\" width=\"1024\" height=\"922\" src=\"https:\/\/cieeltriciclo.com\/wp-content\/uploads\/2023\/11\/contactcrop-1024x922.jpg\" alt=\"\" class=\"wp-image-330\" style=\"width:577px;height:auto\" srcset=\"https:\/\/cieeltriciclo.com\/wp-content\/uploads\/2023\/11\/contactcrop-1024x922.jpg 1024w, https:\/\/cieeltriciclo.com\/wp-content\/uploads\/2023\/11\/contactcrop-300x270.jpg 300w, https:\/\/cieeltriciclo.com\/wp-content\/uploads\/2023\/11\/contactcrop-768x691.jpg 768w, https:\/\/cieeltriciclo.com\/wp-content\/uploads\/2023\/11\/contactcrop-1536x1382.jpg 1536w, https:\/\/cieeltriciclo.com\/wp-content\/uploads\/2023\/11\/contactcrop-2048x1843.jpg 2048w\" sizes=\"auto, (max-width: 1024px) 100vw, 1024px\" \/><\/figure>\n<\/div>\n\n\n<p class=\"has-text-align-center has-contrast-3-background-color has-background\" style=\"font-size:25px\"><strong>Pour toute demande d\u2019informations<br>(devis et fiche technique adapt\u00e9s)<\/strong><\/p>\n\n\n\n<p class=\"has-text-align-center has-base-3-color has-contrast-2-background-color has-text-color has-background has-link-color wp-elements-e27f885c7ad5e381304acc3e77d5f67d\" style=\"font-size:27px\"><strong><br>Contact artistique et administratif<br>cie.eltriciclo@gmail.com<br><\/strong><br>Compagnie El Triciclo<br>20 rue des chassaintes<br>30900 N\u00eemes<br>Siret : 797 662 699 000 41<br><\/p>\n\n\n<div class=\"wp-block-image\">\n<figure class=\"aligncenter size-full is-resized\"><img loading=\"lazy\" decoding=\"async\" width=\"71\" height=\"23\" src=\"https:\/\/cieeltriciclo.com\/wp-content\/uploads\/2023\/11\/ornament-archaic.png\" alt=\"\" class=\"wp-image-245\" style=\"width:115px\"\/><\/figure>\n<\/div>\n\n\n<p class=\"has-text-align-center has-medium-font-size\"><strong>Pr\u00e9sidente<\/strong> Caroline PUIG<\/p>\n\n\n\n<p class=\"has-text-align-center has-medium-font-size\"><strong>Tr\u00e9sori\u00e8re<\/strong> Marion BONNEFOI<br><\/p>\n\n\n<div class=\"wp-block-image\">\n<figure class=\"aligncenter size-full is-resized\"><img loading=\"lazy\" decoding=\"async\" width=\"71\" height=\"23\" src=\"https:\/\/cieeltriciclo.com\/wp-content\/uploads\/2023\/11\/ornament-archaic.png\" alt=\"\" class=\"wp-image-245\" style=\"width:115px\"\/><\/figure>\n<\/div>\n\n\n<p class=\"has-text-align-center has-medium-font-size\"><strong>Retrouvez nous sur Facebook <\/strong><\/p>\n\n\n<div class=\"wp-block-image\">\n<figure class=\"aligncenter size-full is-resized\"><a href=\"https:\/\/www.facebook.com\/profile.php?id=100034369096816\"><img loading=\"lazy\" decoding=\"async\" width=\"225\" height=\"225\" src=\"https:\/\/cieeltriciclo.com\/wp-content\/uploads\/2023\/11\/images.jpg\" alt=\"\" class=\"wp-image-379\" style=\"width:60px;height:auto\" srcset=\"https:\/\/cieeltriciclo.com\/wp-content\/uploads\/2023\/11\/images.jpg 225w, https:\/\/cieeltriciclo.com\/wp-content\/uploads\/2023\/11\/images-150x150.jpg 150w\" sizes=\"auto, (max-width: 225px) 100vw, 225px\" \/><\/a><\/figure>\n<\/div>\n\n\n<p class=\"has-text-align-center has-medium-font-size\"><\/p>\n\n\n\n<p><\/p>\n","protected":false},"excerpt":{"rendered":"<p>Pour toute demande d\u2019informations(devis et fiche technique adapt\u00e9s) Contact artistique et administratifcie.eltriciclo@gmail.comCompagnie El Triciclo20 rue des chassaintes30900 N\u00eemesSiret : 797 662 699 000 41 Pr\u00e9sidente Caroline PUIG Tr\u00e9sori\u00e8re Marion BONNEFOI Retrouvez nous sur Facebook<\/p>\n","protected":false},"author":1,"featured_media":0,"parent":0,"menu_order":0,"comment_status":"closed","ping_status":"closed","template":"","meta":{"footnotes":""},"class_list":["post-77","page","type-page","status-publish"],"_links":{"self":[{"href":"https:\/\/cieeltriciclo.com\/index.php\/wp-json\/wp\/v2\/pages\/77","targetHints":{"allow":["GET"]}}],"collection":[{"href":"https:\/\/cieeltriciclo.com\/index.php\/wp-json\/wp\/v2\/pages"}],"about":[{"href":"https:\/\/cieeltriciclo.com\/index.php\/wp-json\/wp\/v2\/types\/page"}],"author":[{"embeddable":true,"href":"https:\/\/cieeltriciclo.com\/index.php\/wp-json\/wp\/v2\/users\/1"}],"replies":[{"embeddable":true,"href":"https:\/\/cieeltriciclo.com\/index.php\/wp-json\/wp\/v2\/comments?post=77"}],"version-history":[{"count":15,"href":"https:\/\/cieeltriciclo.com\/index.php\/wp-json\/wp\/v2\/pages\/77\/revisions"}],"predecessor-version":[{"id":1072,"href":"https:\/\/cieeltriciclo.com\/index.php\/wp-json\/wp\/v2\/pages\/77\/revisions\/1072"}],"wp:attachment":[{"href":"https:\/\/cieeltriciclo.com\/index.php\/wp-json\/wp\/v2\/media?parent=77"}],"curies":[{"name":"wp","href":"https:\/\/api.w.org\/{rel}","templated":true}]}}