{"id":167,"date":"2023-10-17T17:01:29","date_gmt":"2023-10-17T15:01:29","guid":{"rendered":"https:\/\/cieeltriciclo.com\/?page_id=167"},"modified":"2025-11-14T12:49:52","modified_gmt":"2025-11-14T11:49:52","slug":"juliette-mouchonnat","status":"publish","type":"page","link":"https:\/\/cieeltriciclo.com\/index.php\/juliette-mouchonnat\/","title":{"rendered":"Juliette Mouchonnat"},"content":{"rendered":"\n<h2 class=\"wp-block-heading\">Juliette Mouchonnat<\/h2>\n\n\n\n<div class=\"wp-block-media-text is-stacked-on-mobile\" style=\"grid-template-columns:40% auto\"><figure class=\"wp-block-media-text__media\"><img loading=\"lazy\" decoding=\"async\" width=\"1006\" height=\"1024\" src=\"https:\/\/cieeltriciclo.com\/wp-content\/uploads\/2025\/11\/juju-1006x1024.jpg\" alt=\"\" class=\"wp-image-1052 size-full\" srcset=\"https:\/\/cieeltriciclo.com\/wp-content\/uploads\/2025\/11\/juju-1006x1024.jpg 1006w, https:\/\/cieeltriciclo.com\/wp-content\/uploads\/2025\/11\/juju-295x300.jpg 295w, https:\/\/cieeltriciclo.com\/wp-content\/uploads\/2025\/11\/juju-768x782.jpg 768w, https:\/\/cieeltriciclo.com\/wp-content\/uploads\/2025\/11\/juju-1509x1536.jpg 1509w, https:\/\/cieeltriciclo.com\/wp-content\/uploads\/2025\/11\/juju.jpg 1816w\" sizes=\"auto, (max-width: 1006px) 100vw, 1006px\" \/><\/figure><div class=\"wp-block-media-text__content\">\n<p><strong><em>Marionnettiste -com\u00e9dienne et metteur en sc\u00e8ne<\/em><\/strong><\/p>\n\n\n\n<p><strong><em>Responsable artistique de la cie el triciclo<\/em><\/strong><\/p>\n\n\n\n<p>Multipliant les cours, les stages et les interventions, elle s\u2019oriente vers une d\u00e9marche pluridisciplinaire afin de pouvoir explorer et enrichir les diff\u00e9rentes mati\u00e8res qui se m\u00ealent au th\u00e9\u00e2tre : chant, marionnettes, clown, danse, cirque et musique.<\/p>\n\n\n\n<p>Apr\u00e8s quelques ann\u00e9es pass\u00e9es aupr\u00e8s de Jacques Bioul\u00e8s (ancien directeur du th\u00e9\u00e2tre du Hangar \u00e0 Montpellier) qui la soutiendra, elle cr\u00e9e son premier spectacle \u00ab\u00a0Fando et Lis\u00a0\u00bb de F. Arrabal\u00a0puis un solo en 2005 \u00ab\u00a0M\u00e9d\u00e9e mat\u00e9riau\u00a0\u00bb de H. M\u00dcLLER et bien d\u2019autres spectacles apr\u00e8s la cr\u00e9ation de sa 1\u00e8re compagnie \u00ab\u00a0Le p\u2019tit atelier 3\u00a0\u00bb.<\/p>\n\n\n\n<p>Avec la Cie El Triciclo en 2013, elle cr\u00e9e une seconde compagnie enproposant une d\u00e9marche artistique autour de la po\u00e9sie (\u00ab&nbsp;Le cri des murs, \u00ab&nbsp;Femmes po\u00e8tes du monde&nbsp;\u00bb, \u00ab&nbsp;Espectaculo Spectaculaire&nbsp;\u00bb) et en s\u2019inspirant d\u2019album jeunesse .<\/p>\n\n\n\n<p>Mais elle est aussi en 2002 : Com\u00e9dienne dans Armatimon \u2013 Furie des nantis de Shakespeare et E. Bond mis en sc\u00e8ne par David Ayala (CDN de Montpellier, Th\u00e9\u00e2tre 95, Sc\u00e8ne Nationale d\u2019Arles \u2026).<br><br>Com\u00e9dienne et metteur en sc\u00e8ne de \u00ab Peter Pan \u00bb, spectacle jeune public adapt\u00e9 par Olivier Labiche, la cie Chaotik puis dans \u00ab&nbsp;Ubu roi&nbsp;\u00bb d\u2019apr\u00e8s A. Jarry.<\/p>\n<\/div><\/div>\n\n\n\n<p>En 2009\/2010 : Le \u00ab Cabaret du pire \u00bb o\u00f9 elle y acquiert de nombreuses techniques vocales et chante. Elle s\u2019int\u00e9resse au atelier d\u2019\u00e9criture\/slam.<\/p>\n\n\n\n<p>En 2014 : Elle est assistante de Dan Jeammet et David Ayala pour le Spectacle \u00ab Macbeth-The notes \u00bb cr\u00e9\u00e9 \u00e0 B\u00e9ziers (Sortie Ouest) qui s\u2019est jou\u00e9 aux \u00ab Bouffes du Nord \u00bb \u00e0 Paris en octobre 2015.<\/p>\n\n\n\n<p>En 2016, elle cr\u00e9e pour le jeune public (\u00e0 partir de 3 ans) \u00ab Hibou blanc et souris bleue \u00bb une adaptation th\u00e9\u00e2trale du conte de Jean Joubert avec des marionnettes. C\u2019est aussi le d\u00e9clic pour la compagnie de travailler des albums ou contes d\u2019auteurs contemporains pour les enfants et de les porter \u00e0 la sc\u00e8ne. Elle comprend aussi toute l\u2019importance du pouvoir des marionnettes\u2026<\/p>\n\n\n\n<p>Les projets s\u2019encha\u00eenent entre cr\u00e9ations, mise en sc\u00e8ne et interventions aupr\u00e8s du jeune public et public emp\u00each\u00e9.<\/p>\n\n\n\n<p>Elle a donn\u00e9 des ateliers en MPT pour les enfants et adolescents de 2001 \u00e0 2021 \u00e0 Montpellier et est intervenue aussi en coll\u00e8ge depuis 2009 avec la DDLL de Montpellier pendant quelques ann\u00e9es successives<\/p>\n\n\n\n<p>Elle a travaill\u00e9 avec des classes de 3 \u00e8me dite \u00ab&nbsp;d\u00e9rogatoire&nbsp;\u00bb et en classe \u00ab&nbsp;ULIS&nbsp;\u00bb en travaillant sp\u00e9cifiquement avec eux sur la mise en voix de po\u00e8me \/ slam et d\u2019ateliers d\u2019\u00e9criture.<\/p>\n\n\n\n<p>Depuis 2011 elle intervient aussi occasionnellement en EHPAD o\u00f9 elle anime des ateliers interg\u00e9n\u00e9rationnel en m\u00ealant des ateliers d\u2019\u00e9criture, po\u00e9sie et chant et a aussi donn\u00e9 des ateliers d\u2019\u00e9criture \/ mise en voix \u00e0 l\u2019h\u00f4pital de Lapeyronie \u00e0 Montpellier l\u2019ann\u00e9e 2017.<\/p>\n\n\n\n<p>Elle continue \u00e0 cr\u00e9er des spectacles th\u00e9\u00e2trale de marionnettes toujours en lien avec les albums jeunesse et ses spectacles sont jou\u00e9s essentiellement en m\u00e9diath\u00e8que, en maison pour tous, en \u00e9cole et dans des festivals pour la jeunesse. En 2017 \u00ab&nbsp;Peut on mettre un loup dans un carton?&nbsp;\u00bb d\u2019apr\u00e8s l\u2019album de Daisy Hisrt puis \u00ab&nbsp;L\u2019oiseau qui ne savait pas chanter&nbsp;\u00bb d\u2019apr\u00e8s l\u2019album de S. Kitamura en 2020. En juin 2021, elle cr\u00e9e \u00ab&nbsp;Le secret de Zara&nbsp;\u00bb spectacle Jeune public de marionnettes et pictural, en 2022 \u00ab&nbsp;La valise&nbsp;\u00bb librement inspir\u00e9 de l\u2019album de Chris Naylos Ballesteros. Puis en 2023, \u00ab&nbsp;Mari Moto&nbsp;\u00bb d\u2019apr\u00e8s la BD de D. De Monfreid et en 2024 \u00ab&nbsp;L\u2019Orage&nbsp;\u00bb spectacle d\u2019ombre et de marionnettes, pop\u2019p et musique pour les touts petits \u00e0 partir de 12 mois.<\/p>\n\n\n\n<p>Elle a fait en 2021 un stage de fabrication de marionnettes en mousse et latex avec la cie \u00ab Azur les A\u00e9roplanes \u00bb \u00e0 Lyon anim\u00e9 par Patricia Gatte-Paille. En 2023 elle fait un autre stage de fabrication et manipulation de marionnettes avec la cie Arketal, Greta Bruggeman et Simon Rann ce dernier ayant travaill\u00e9 de nombreuses ann\u00e9es avec Philippe Gentil pour la travail de manipulation d\u2019objet.<\/p>\n","protected":false},"excerpt":{"rendered":"<p>Juliette Mouchonnat Marionnettiste -com\u00e9dienne et metteur en sc\u00e8ne Responsable artistique de la cie el triciclo Multipliant les cours, les stages et les interventions, elle s\u2019oriente vers une d\u00e9marche pluridisciplinaire afin de pouvoir explorer et enrichir les diff\u00e9rentes mati\u00e8res qui se m\u00ealent au th\u00e9\u00e2tre : chant, marionnettes, clown, danse, cirque et musique. Apr\u00e8s quelques ann\u00e9es pass\u00e9es &#8230; <a title=\"Juliette Mouchonnat\" class=\"read-more\" href=\"https:\/\/cieeltriciclo.com\/index.php\/juliette-mouchonnat\/\" aria-label=\"Plus sur Juliette Mouchonnat\">Lire plus<\/a><\/p>\n","protected":false},"author":1,"featured_media":0,"parent":0,"menu_order":0,"comment_status":"closed","ping_status":"closed","template":"","meta":{"footnotes":""},"class_list":["post-167","page","type-page","status-publish"],"_links":{"self":[{"href":"https:\/\/cieeltriciclo.com\/index.php\/wp-json\/wp\/v2\/pages\/167","targetHints":{"allow":["GET"]}}],"collection":[{"href":"https:\/\/cieeltriciclo.com\/index.php\/wp-json\/wp\/v2\/pages"}],"about":[{"href":"https:\/\/cieeltriciclo.com\/index.php\/wp-json\/wp\/v2\/types\/page"}],"author":[{"embeddable":true,"href":"https:\/\/cieeltriciclo.com\/index.php\/wp-json\/wp\/v2\/users\/1"}],"replies":[{"embeddable":true,"href":"https:\/\/cieeltriciclo.com\/index.php\/wp-json\/wp\/v2\/comments?post=167"}],"version-history":[{"count":8,"href":"https:\/\/cieeltriciclo.com\/index.php\/wp-json\/wp\/v2\/pages\/167\/revisions"}],"predecessor-version":[{"id":1059,"href":"https:\/\/cieeltriciclo.com\/index.php\/wp-json\/wp\/v2\/pages\/167\/revisions\/1059"}],"wp:attachment":[{"href":"https:\/\/cieeltriciclo.com\/index.php\/wp-json\/wp\/v2\/media?parent=167"}],"curies":[{"name":"wp","href":"https:\/\/api.w.org\/{rel}","templated":true}]}}