{"id":108,"date":"2023-10-17T16:26:04","date_gmt":"2023-10-17T14:26:04","guid":{"rendered":"https:\/\/cieeltriciclo.com\/?page_id=108"},"modified":"2025-11-14T09:51:18","modified_gmt":"2025-11-14T08:51:18","slug":"la-demarche-artistique","status":"publish","type":"page","link":"https:\/\/cieeltriciclo.com\/index.php\/la-demarche-artistique\/","title":{"rendered":"La d\u00e9marche artistique"},"content":{"rendered":"\n<div class=\"wp-block-columns is-layout-flex wp-container-core-columns-is-layout-9d6595d7 wp-block-columns-is-layout-flex\">\n<div class=\"wp-block-column is-layout-flow wp-block-column-is-layout-flow\">\n<figure class=\"wp-block-image size-large\"><img loading=\"lazy\" decoding=\"async\" width=\"983\" height=\"1024\" src=\"https:\/\/cieeltriciclo.com\/wp-content\/uploads\/2023\/11\/compagniecrop-983x1024.jpg\" alt=\"\" class=\"wp-image-331\" srcset=\"https:\/\/cieeltriciclo.com\/wp-content\/uploads\/2023\/11\/compagniecrop-983x1024.jpg 983w, https:\/\/cieeltriciclo.com\/wp-content\/uploads\/2023\/11\/compagniecrop-288x300.jpg 288w, https:\/\/cieeltriciclo.com\/wp-content\/uploads\/2023\/11\/compagniecrop-768x800.jpg 768w, https:\/\/cieeltriciclo.com\/wp-content\/uploads\/2023\/11\/compagniecrop-1474x1536.jpg 1474w, https:\/\/cieeltriciclo.com\/wp-content\/uploads\/2023\/11\/compagniecrop-1966x2048.jpg 1966w\" sizes=\"auto, (max-width: 983px) 100vw, 983px\" \/><\/figure>\n<\/div>\n\n\n\n<div class=\"wp-block-column is-layout-flow wp-block-column-is-layout-flow\">\n<p class=\"has-large-font-size\"><strong>D\u00e9marche artistique<\/strong><\/p>\n\n\n\n<p class=\"has-text-align-center\" style=\"font-size:14px\"><strong>Spectacle de marionnettes pour le jeune public autour d&rsquo;albums jeunesse<\/strong><\/p>\n\n\n\n<p class=\"has-text-align-left\" style=\"font-size:14px\">Beaucoup de po\u00e9sie et du rire&#8230;Nous travaillons avant tout \u00e0 partir d&rsquo;univers visuels, parfois sans texte, parfois avec, pour offrir \u00e0 chacun la possibilit\u00e9 d&rsquo;imaginer, de s&rsquo;approprier des images qu&rsquo;on lui donne sur sc\u00e8ne. Chaque cr\u00e9ation est pour la compagnie un monde \u00e0 part enti\u00e8re. Comme des artisans, on aime bricoler, inventer, bidouiller minutieusement pour proposer au public des univers attachants, surprenants, po\u00e9tiques et dr\u00f4les.<\/p>\n\n\n\n<p class=\"has-text-align-left\" style=\"font-size:14px\">Nous privil\u00e9gions la manipulation \u00e0 vue, cr\u00e9ant souvent des ambiances intimistes qui nous rapprochent du spectateur. <\/p>\n\n\n\n<p class=\"has-text-align-left\" style=\"font-size:14px\">Notre compagnie aime l\u2019id\u00e9e de rendre nos spectacles le plus accessible possible \u00e0 un large public. Nous nous sommes fix\u00e9s\u00a0comme objectif d\u2019en r\u00e9v\u00e9ler la dimension \u00e9motionnelle. Il y a donc une forme d\u2019engagement li\u00e9es \u00e0 la po\u00e9sie, en utilisant la marionnette, la musique, le th\u00e9\u00e2tre d\u2019objet, les ombres chinoises, la peinture.<\/p>\n\n\n\n<p>Notre projet est aussi la diffusion d\u2019auteurs d\u2019album, de ces po\u00e8tes qui ont un regard critique et intelligent sur notre monde.&nbsp;<\/p>\n\n\n\n<p>Nous cherchons simplement \u00e0 faire entendre leurs mots, leurs messages et \u00e0 l\u2019impact sur la r\u00e9flexion que cela procure\u2026 Et ainsi \u00e9veiller les jeunes esprits \u00e0 la po\u00e9sie, au sensible et \u00e0 la libert\u00e9 de pens\u00e9e.&nbsp;<\/p>\n\n\n\n<p class=\"has-text-align-left\" style=\"font-size:14px\">Aussi, offrir nos spectacles \u00e0 l\u2019enfant qui sommeille dans chaque adulte.<br><\/p>\n\n\n\n<p class=\"has-text-align-left\" style=\"font-size:14px\">Nous travaillons pour le jeune public et principalement en utilisant la marionnette depuis 2016.&nbsp;<\/p>\n\n\n\n<p style=\"font-size:14px\">Nous jouons nos spectacles &nbsp;avec les r\u00e9seaux des m\u00e9diath\u00e8ques de l&rsquo;H\u00e9rault, du Gard, des Pyr\u00e9n\u00e9es orientales et un lien \u00e9troit entre le livre jeunesse et nos cr\u00e9ations s&rsquo;est \u00e9tabli&#8230; <br>Nous aimons porter \u00e0 la sc\u00e8ne, rendre vivant les albums jeunesse. C&rsquo;est devenu une de nos \u00ab\u00a0sp\u00e9cificit\u00e9s\u00a0\u00bb. <br>Nous aimons \u00ab\u00a0faire parler\u00a0\u00bb le livre, il permet aux jeunes spectateurs d&rsquo;offrir un lien cr\u00e9atif entre le livre et la sc\u00e8ne.&nbsp;<\/p>\n<\/div>\n<\/div>\n","protected":false},"excerpt":{"rendered":"<p>D\u00e9marche artistique Spectacle de marionnettes pour le jeune public autour d&rsquo;albums jeunesse Beaucoup de po\u00e9sie et du rire&#8230;Nous travaillons avant tout \u00e0 partir d&rsquo;univers visuels, parfois sans texte, parfois avec, pour offrir \u00e0 chacun la possibilit\u00e9 d&rsquo;imaginer, de s&rsquo;approprier des images qu&rsquo;on lui donne sur sc\u00e8ne. Chaque cr\u00e9ation est pour la compagnie un monde \u00e0 &#8230; <a title=\"La d\u00e9marche artistique\" class=\"read-more\" href=\"https:\/\/cieeltriciclo.com\/index.php\/la-demarche-artistique\/\" aria-label=\"Plus sur La d\u00e9marche artistique\">Lire plus<\/a><\/p>\n","protected":false},"author":1,"featured_media":0,"parent":0,"menu_order":0,"comment_status":"closed","ping_status":"closed","template":"","meta":{"footnotes":""},"class_list":["post-108","page","type-page","status-publish"],"_links":{"self":[{"href":"https:\/\/cieeltriciclo.com\/index.php\/wp-json\/wp\/v2\/pages\/108","targetHints":{"allow":["GET"]}}],"collection":[{"href":"https:\/\/cieeltriciclo.com\/index.php\/wp-json\/wp\/v2\/pages"}],"about":[{"href":"https:\/\/cieeltriciclo.com\/index.php\/wp-json\/wp\/v2\/types\/page"}],"author":[{"embeddable":true,"href":"https:\/\/cieeltriciclo.com\/index.php\/wp-json\/wp\/v2\/users\/1"}],"replies":[{"embeddable":true,"href":"https:\/\/cieeltriciclo.com\/index.php\/wp-json\/wp\/v2\/comments?post=108"}],"version-history":[{"count":7,"href":"https:\/\/cieeltriciclo.com\/index.php\/wp-json\/wp\/v2\/pages\/108\/revisions"}],"predecessor-version":[{"id":1038,"href":"https:\/\/cieeltriciclo.com\/index.php\/wp-json\/wp\/v2\/pages\/108\/revisions\/1038"}],"wp:attachment":[{"href":"https:\/\/cieeltriciclo.com\/index.php\/wp-json\/wp\/v2\/media?parent=108"}],"curies":[{"name":"wp","href":"https:\/\/api.w.org\/{rel}","templated":true}]}}